{"id":993,"date":"2026-04-29T09:15:12","date_gmt":"2026-04-29T07:15:12","guid":{"rendered":"https:\/\/motra.studio\/?page_id=993"},"modified":"2026-04-29T09:48:12","modified_gmt":"2026-04-29T07:48:12","slug":"profil","status":"publish","type":"page","link":"https:\/\/motra.studio\/en\/profil\/","title":{"rendered":"Profil"},"content":{"rendered":"\t\t<div data-elementor-type=\"wp-page\" data-elementor-id=\"993\" class=\"elementor elementor-993\" data-elementor-post-type=\"page\">\n\t\t\t\t<div class=\"elementor-element elementor-element-74d32f5 e-flex e-con-boxed e-con e-parent\" data-id=\"74d32f5\" data-element_type=\"container\" data-e-type=\"container\">\n\t\t\t\t\t<div class=\"e-con-inner\">\n\t\t\t\t<div class=\"elementor-element elementor-element-0ae5c4c elementor-widget elementor-widget-spacer\" data-id=\"0ae5c4c\" data-element_type=\"widget\" data-e-type=\"widget\" data-widget_type=\"spacer.default\">\n\t\t\t\t\t\t\t<div class=\"elementor-spacer\">\n\t\t\t<div class=\"elementor-spacer-inner\"><\/div>\n\t\t<\/div>\n\t\t\t\t\t\t<\/div>\n\t\t<div class=\"elementor-element elementor-element-02e799b e-grid e-con-boxed e-con e-child\" data-id=\"02e799b\" data-element_type=\"container\" data-e-type=\"container\">\n\t\t\t\t\t<div class=\"e-con-inner\">\n\t\t\t\t<div class=\"elementor-element elementor-element-03e8bd2 elementor-widget elementor-widget-image\" data-id=\"03e8bd2\" data-element_type=\"widget\" data-e-type=\"widget\" data-widget_type=\"image.default\">\n\t\t\t\t\t\t\t\t\t\t\t\t\t\t\t<img fetchpriority=\"high\" decoding=\"async\" width=\"1920\" height=\"2560\" src=\"https:\/\/motra.studio\/wp-content\/uploads\/2026\/04\/7-Studio-Motra_Portrait_Patrick-Johannsen-Fotografie-07-scaled.jpg\" class=\"attachment-full size-full wp-image-996\" alt=\"\" srcset=\"https:\/\/motra.studio\/wp-content\/uploads\/2026\/04\/7-Studio-Motra_Portrait_Patrick-Johannsen-Fotografie-07-scaled.jpg 1920w, https:\/\/motra.studio\/wp-content\/uploads\/2026\/04\/7-Studio-Motra_Portrait_Patrick-Johannsen-Fotografie-07-225x300.jpg 225w, https:\/\/motra.studio\/wp-content\/uploads\/2026\/04\/7-Studio-Motra_Portrait_Patrick-Johannsen-Fotografie-07-768x1024.jpg 768w, https:\/\/motra.studio\/wp-content\/uploads\/2026\/04\/7-Studio-Motra_Portrait_Patrick-Johannsen-Fotografie-07-1152x1536.jpg 1152w, https:\/\/motra.studio\/wp-content\/uploads\/2026\/04\/7-Studio-Motra_Portrait_Patrick-Johannsen-Fotografie-07-1536x2048.jpg 1536w, https:\/\/motra.studio\/wp-content\/uploads\/2026\/04\/7-Studio-Motra_Portrait_Patrick-Johannsen-Fotografie-07-9x12.jpg 9w\" sizes=\"(max-width: 1920px) 100vw, 1920px\" \/>\t\t\t\t\t\t\t\t\t\t\t\t\t\t\t<\/div>\n\t\t\t\t<div class=\"elementor-element elementor-element-14f7f58 elementor-widget__width-inherit elementor-widget-mobile__width-auto elementor-widget elementor-widget-text-editor\" data-id=\"14f7f58\" data-element_type=\"widget\" data-e-type=\"widget\" data-widget_type=\"text-editor.default\">\n\t\t\t\t\t\t\t\t\t<p><b>Motra <\/b>ist ein im Februar 2026 gegr\u00fcndetes Architekturb\u00fcro mit Sitz in Wien. Die Partner Arch. Dipl.-Ing. Mario Scheinecker und Dipl.-Ing. Jacopo Deplano arbeiteten \u00fcber viele Jahre hinweg im renommierten Architekturb\u00fcro Schenker Salvi Weber Architekten ZT GmbH zusammen, wo sie leitende Funktionen in der Ausf\u00fchrungsplanung und im Wettbewerbswesen innehatten. Ihre gemeinsame Erfahrung umfasst realisierte Projekte und Wettbewerbserfolge in den Bereichen Wohnbau, B\u00fcrobau, Bildungsbau und kritische Infrastruktur.<span class=\"Apple-converted-space\">\u00a0<\/span><\/p><p>Motra versteht Architektur als fortlaufenden Prozess und sucht nach Konstruktionen, die wandelbar, langlebig und materialgerecht sind \u2013 nach Bauten, die sich im Laufe der Zeit ver\u00e4ndern d\u00fcrfen, ohne ihre Integrit\u00e4t zu verlieren.<\/p><p>Das Leistungsbild deckt s\u00e4mtliche Planungs- und Ausf\u00fchrungsphasen der Architektur ab. Das Arbeitsfeld von Motra bedient vielf\u00e4ltige Typologien und Ma\u00dfst\u00e4be \u2013 vom Wohnbau \u00fcber B\u00fcrobau bis hin zu Kulturbauten, von Neubau bis hin zu Umbauten im Bestand.<span class=\"Apple-converted-space\">\u00a0<\/span><\/p>\t\t\t\t\t\t\t\t<\/div>\n\t\t\t\t\t<\/div>\n\t\t\t\t<\/div>\n\t\t\t\t<div class=\"elementor-element elementor-element-ecbae0a elementor-widget elementor-widget-spacer\" data-id=\"ecbae0a\" data-element_type=\"widget\" data-e-type=\"widget\" data-widget_type=\"spacer.default\">\n\t\t\t\t\t\t\t<div class=\"elementor-spacer\">\n\t\t\t<div class=\"elementor-spacer-inner\"><\/div>\n\t\t<\/div>\n\t\t\t\t\t\t<\/div>\n\t\t\t\t\t<\/div>\n\t\t\t\t<\/div>\n\t\t<div class=\"elementor-element elementor-element-bb39aa8 e-grid e-con-boxed e-con e-parent\" data-id=\"bb39aa8\" data-element_type=\"container\" data-e-type=\"container\">\n\t\t\t\t\t<div class=\"e-con-inner\">\n\t\t\t\t<div class=\"elementor-element elementor-element-9cef171 elementor-widget elementor-widget-image\" data-id=\"9cef171\" data-element_type=\"widget\" data-e-type=\"widget\" data-widget_type=\"image.default\">\n\t\t\t\t\t\t\t\t\t\t\t\t\t\t\t<img decoding=\"async\" width=\"1920\" height=\"2560\" src=\"https:\/\/motra.studio\/wp-content\/uploads\/2026\/04\/23-Studio-Motra_Portrait_Patrick-Johannsen-Fotografie-23-scaled.jpg\" class=\"attachment-full size-full wp-image-1003\" alt=\"\" srcset=\"https:\/\/motra.studio\/wp-content\/uploads\/2026\/04\/23-Studio-Motra_Portrait_Patrick-Johannsen-Fotografie-23-scaled.jpg 1920w, https:\/\/motra.studio\/wp-content\/uploads\/2026\/04\/23-Studio-Motra_Portrait_Patrick-Johannsen-Fotografie-23-225x300.jpg 225w, https:\/\/motra.studio\/wp-content\/uploads\/2026\/04\/23-Studio-Motra_Portrait_Patrick-Johannsen-Fotografie-23-768x1024.jpg 768w, https:\/\/motra.studio\/wp-content\/uploads\/2026\/04\/23-Studio-Motra_Portrait_Patrick-Johannsen-Fotografie-23-1152x1536.jpg 1152w, https:\/\/motra.studio\/wp-content\/uploads\/2026\/04\/23-Studio-Motra_Portrait_Patrick-Johannsen-Fotografie-23-1536x2048.jpg 1536w, https:\/\/motra.studio\/wp-content\/uploads\/2026\/04\/23-Studio-Motra_Portrait_Patrick-Johannsen-Fotografie-23-9x12.jpg 9w\" sizes=\"(max-width: 1920px) 100vw, 1920px\" \/>\t\t\t\t\t\t\t\t\t\t\t\t\t\t\t<\/div>\n\t\t\t\t<div class=\"elementor-element elementor-element-b476567 elementor-widget__width-inherit elementor-widget-mobile__width-auto elementor-widget elementor-widget-text-editor\" data-id=\"b476567\" data-element_type=\"widget\" data-e-type=\"widget\" data-widget_type=\"text-editor.default\">\n\t\t\t\t\t\t\t\t\t<p><b>Arch. Dipl.-Ing. MARIO SCHEINECKER<\/b><\/p><p>wurde 1992 in Linz, \u00d6sterreich, geboren und maturierte dort an der HTL f\u00fcr Bautechnik. Anschlie\u00dfend studierte er Architektur an der Technischen Universit\u00e4t Wien, wo er sein Studium 2020 mit Auszeichnung abschloss. Bereits w\u00e4hrend seines Masterstudiums sammelte er internationale Erfahrung im renommierten Z\u00fcrcher Architekturb\u00fcro Studio Gm\u00fcr Geschwentner Kyburz.<\/p><p>Nach Abschluss seines Diplomstudiums begann er seine T\u00e4tigkeit im Architekturb\u00fcro Schenker Salvi Weber ZT GmbH. Dort wurde ihm nach kurzer Zeit die Projektleitung des nach Fertigstellung preisgekr\u00f6nten Wohnbauprojekts \u201eKUKU 23\u201c in der Gastgebgasse in Wien anvertraut. Dar\u00fcber hinaus war er ma\u00dfgeblich an der Ausf\u00fchrung von Projekten im Bereich der kritischen Infrastruktur beteiligt.<\/p><p>Neben seiner T\u00e4tigkeit als Projektleiter widmete sich der Architekt auch privaten Auftr\u00e4gen, die von Interior-Design-Projekten bis hin zu Revitalisierungskonzepten reichten.<\/p><p>Im November 2025 absolvierte er erfolgreich die Ziviltechnikerpr\u00fcfung in Wien. Seit Februar 2026 ist Mario Scheinecker als freiberuflicher Architekt t\u00e4tig.<\/p>\t\t\t\t\t\t\t\t<\/div>\n\t\t\t\t\t<\/div>\n\t\t\t\t<\/div>\n\t\t<div class=\"elementor-element elementor-element-39f25a1 e-flex e-con-boxed e-con e-parent\" data-id=\"39f25a1\" data-element_type=\"container\" data-e-type=\"container\">\n\t\t\t\t\t<div class=\"e-con-inner\">\n\t\t\t\t<div class=\"elementor-element elementor-element-f14e649 elementor-widget elementor-widget-spacer\" data-id=\"f14e649\" data-element_type=\"widget\" data-e-type=\"widget\" data-widget_type=\"spacer.default\">\n\t\t\t\t\t\t\t<div class=\"elementor-spacer\">\n\t\t\t<div class=\"elementor-spacer-inner\"><\/div>\n\t\t<\/div>\n\t\t\t\t\t\t<\/div>\n\t\t\t\t\t<\/div>\n\t\t\t\t<\/div>\n\t\t<div class=\"elementor-element elementor-element-308cd00 e-grid e-con-boxed e-con e-parent\" data-id=\"308cd00\" data-element_type=\"container\" data-e-type=\"container\">\n\t\t\t\t\t<div class=\"e-con-inner\">\n\t\t\t\t<div class=\"elementor-element elementor-element-ffc0e5c elementor-widget elementor-widget-image\" data-id=\"ffc0e5c\" data-element_type=\"widget\" data-e-type=\"widget\" data-widget_type=\"image.default\">\n\t\t\t\t\t\t\t\t\t\t\t\t\t\t\t<img decoding=\"async\" width=\"1921\" height=\"2560\" src=\"https:\/\/motra.studio\/wp-content\/uploads\/2026\/04\/15-Studio-Motra_Portrait_Patrick-Johannsen-Fotografie-15-scaled.jpg\" class=\"attachment-full size-full wp-image-1007\" alt=\"\" srcset=\"https:\/\/motra.studio\/wp-content\/uploads\/2026\/04\/15-Studio-Motra_Portrait_Patrick-Johannsen-Fotografie-15-scaled.jpg 1921w, https:\/\/motra.studio\/wp-content\/uploads\/2026\/04\/15-Studio-Motra_Portrait_Patrick-Johannsen-Fotografie-15-225x300.jpg 225w, https:\/\/motra.studio\/wp-content\/uploads\/2026\/04\/15-Studio-Motra_Portrait_Patrick-Johannsen-Fotografie-15-769x1024.jpg 769w, https:\/\/motra.studio\/wp-content\/uploads\/2026\/04\/15-Studio-Motra_Portrait_Patrick-Johannsen-Fotografie-15-768x1023.jpg 768w, https:\/\/motra.studio\/wp-content\/uploads\/2026\/04\/15-Studio-Motra_Portrait_Patrick-Johannsen-Fotografie-15-1153x1536.jpg 1153w, https:\/\/motra.studio\/wp-content\/uploads\/2026\/04\/15-Studio-Motra_Portrait_Patrick-Johannsen-Fotografie-15-1537x2048.jpg 1537w, https:\/\/motra.studio\/wp-content\/uploads\/2026\/04\/15-Studio-Motra_Portrait_Patrick-Johannsen-Fotografie-15-9x12.jpg 9w\" sizes=\"(max-width: 1921px) 100vw, 1921px\" \/>\t\t\t\t\t\t\t\t\t\t\t\t\t\t\t<\/div>\n\t\t\t\t<div class=\"elementor-element elementor-element-c4d124b elementor-widget__width-inherit elementor-widget-mobile__width-auto elementor-widget elementor-widget-text-editor\" data-id=\"c4d124b\" data-element_type=\"widget\" data-e-type=\"widget\" data-widget_type=\"text-editor.default\">\n\t\t\t\t\t\t\t\t\t<p><b>Dipl.-Ing. JACOPO DEPLANO<span class=\"Apple-converted-space\">\u00a0<\/span><\/b><\/p><p>wurde 1994 in Cagliari, Italien, geboren und wuchs in Hamburg auf. Er studierte Architektur an der Technischen Universit\u00e4t Wien, wo er 2024 mit Auszeichnung graduierte. Seit 2025 lehrt er an der Abteilung f\u00fcr Raumgestaltung und Entwerfen der TU Wien.<\/p><p>In seiner leitenden T\u00e4tigkeit im Wettbewerbsteam von Schenker Salvi Weber Architekten verantwortete er mehrere preisgekr\u00f6nte Beitr\u00e4ge und entwickelte eine Arbeitsweise, die analytische Pr\u00e4zision, strukturelle Klarheit und r\u00e4umliche Sensibilit\u00e4t miteinander verbindet.<\/p><p>Er verf\u00fcgt \u00fcber breit gef\u00e4cherte berufliche Erfahrung \u2013 von Baukonstruktion und Ausf\u00fchrung \u00fcber Planungs- und Entwurfsprozesse bis hin zur Entwicklung komplexer Wettbewerbsbeitr\u00e4ge. Ein besonderer Schwerpunkt seiner Arbeit liegt in der Kreislaufwirtschaft im Bauwesen und der Frage, wie Materialwiederverwendung als gestalterische und konzeptionelle Ressource eingesetzt werden kann. Seine Expertise zeigt sich insbesondere im fr\u00fchen Entwurf, in der Analyse r\u00e4umlicher Systeme und in der Entwicklung pr\u00e4ziser, inhaltlich fundierter Konzepte.<\/p>\t\t\t\t\t\t\t\t<\/div>\n\t\t\t\t\t<\/div>\n\t\t\t\t<\/div>\n\t\t<div class=\"elementor-element elementor-element-9a15945 e-flex e-con-boxed e-con e-parent\" data-id=\"9a15945\" data-element_type=\"container\" data-e-type=\"container\">\n\t\t\t\t\t<div class=\"e-con-inner\">\n\t\t\t\t<div class=\"elementor-element elementor-element-009261d elementor-widget elementor-widget-html\" data-id=\"009261d\" data-element_type=\"widget\" data-e-type=\"widget\" data-widget_type=\"html.default\">\n\t\t\t\t\t<div class=\"motra-cursor\"><\/div>\n<script>\n(() => {\n  const c = document.querySelector('.motra-cursor');\n  if (!c) return;\n\n  window.addEventListener('mousemove', (e) => {\n    c.style.transform = `translate(${e.clientX}px, ${e.clientY}px) translate(-50%, -50%)`;\n  }, { passive: true });\n\n  const hoverSel = 'a, button, .elementor-button, [role=\"button\"], input, textarea, select';\n  document.addEventListener('mouseover', (e) => {\n    if (e.target.closest(hoverSel)) document.body.classList.add('motra-cursor-hover');\n  });\n  document.addEventListener('mouseout', (e) => {\n    if (e.target.closest(hoverSel)) document.body.classList.remove('motra-cursor-hover');\n  });\n})();\n<\/script>\t\t\t\t<\/div>\n\t\t\t\t\t<\/div>\n\t\t\t\t<\/div>\n\t\t\t\t<\/div>\n\t\t","protected":false},"excerpt":{"rendered":"<p>Motra ist ein im Februar 2026 gegr\u00fcndetes Architekturb\u00fcro mit Sitz in Wien. Die Partner Arch. Dipl.-Ing. Mario Scheinecker und Dipl.-Ing. Jacopo Deplano arbeiteten \u00fcber viele Jahre hinweg im renommierten Architekturb\u00fcro Schenker Salvi Weber Architekten ZT GmbH zusammen, wo sie leitende Funktionen in der Ausf\u00fchrungsplanung und im Wettbewerbswesen innehatten. Ihre gemeinsame Erfahrung umfasst realisierte Projekte und [&hellip;]<\/p>\n","protected":false},"author":1,"featured_media":0,"parent":0,"menu_order":0,"comment_status":"closed","ping_status":"closed","template":"","meta":{"footnotes":""},"class_list":["post-993","page","type-page","status-publish","hentry"],"_links":{"self":[{"href":"https:\/\/motra.studio\/en\/wp-json\/wp\/v2\/pages\/993","targetHints":{"allow":["GET"]}}],"collection":[{"href":"https:\/\/motra.studio\/en\/wp-json\/wp\/v2\/pages"}],"about":[{"href":"https:\/\/motra.studio\/en\/wp-json\/wp\/v2\/types\/page"}],"author":[{"embeddable":true,"href":"https:\/\/motra.studio\/en\/wp-json\/wp\/v2\/users\/1"}],"replies":[{"embeddable":true,"href":"https:\/\/motra.studio\/en\/wp-json\/wp\/v2\/comments?post=993"}],"version-history":[{"count":10,"href":"https:\/\/motra.studio\/en\/wp-json\/wp\/v2\/pages\/993\/revisions"}],"predecessor-version":[{"id":1016,"href":"https:\/\/motra.studio\/en\/wp-json\/wp\/v2\/pages\/993\/revisions\/1016"}],"wp:attachment":[{"href":"https:\/\/motra.studio\/en\/wp-json\/wp\/v2\/media?parent=993"}],"curies":[{"name":"wp","href":"https:\/\/api.w.org\/{rel}","templated":true}]}}