{"id":930,"date":"2026-04-28T17:30:03","date_gmt":"2026-04-28T15:30:03","guid":{"rendered":"https:\/\/motra.studio\/?page_id=930"},"modified":"2026-04-28T18:16:35","modified_gmt":"2026-04-28T16:16:35","slug":"projektseite-linz","status":"publish","type":"page","link":"https:\/\/motra.studio\/en\/projektseite-linz\/","title":{"rendered":"Projektseite Linz"},"content":{"rendered":"\t\t<div data-elementor-type=\"wp-page\" data-elementor-id=\"930\" class=\"elementor elementor-930\" data-elementor-post-type=\"page\">\n\t\t\t\t<div class=\"elementor-element elementor-element-760ce7c e-con-full e-flex e-con e-parent\" data-id=\"760ce7c\" data-element_type=\"container\" data-e-type=\"container\">\n\t\t\t\t<div class=\"elementor-element elementor-element-1be3c4d elementor-widget elementor-widget-spacer\" data-id=\"1be3c4d\" data-element_type=\"widget\" data-e-type=\"widget\" data-widget_type=\"spacer.default\">\n\t\t\t\t\t\t\t<div class=\"elementor-spacer\">\n\t\t\t<div class=\"elementor-spacer-inner\"><\/div>\n\t\t<\/div>\n\t\t\t\t\t\t<\/div>\n\t\t\t\t<div class=\"elementor-element elementor-element-7f69ca3 elementor-widget elementor-widget-image\" data-id=\"7f69ca3\" data-element_type=\"widget\" data-e-type=\"widget\" data-widget_type=\"image.default\">\n\t\t\t\t\t\t\t\t\t\t\t\t\t\t\t<img fetchpriority=\"high\" decoding=\"async\" width=\"1856\" height=\"2320\" src=\"https:\/\/motra.studio\/wp-content\/uploads\/2026\/04\/Innenraum-Stiege-frontal.jpg\" class=\"attachment-full size-full wp-image-649\" alt=\"\" srcset=\"https:\/\/motra.studio\/wp-content\/uploads\/2026\/04\/Innenraum-Stiege-frontal.jpg 1856w, https:\/\/motra.studio\/wp-content\/uploads\/2026\/04\/Innenraum-Stiege-frontal-240x300.jpg 240w, https:\/\/motra.studio\/wp-content\/uploads\/2026\/04\/Innenraum-Stiege-frontal-819x1024.jpg 819w, https:\/\/motra.studio\/wp-content\/uploads\/2026\/04\/Innenraum-Stiege-frontal-768x960.jpg 768w, https:\/\/motra.studio\/wp-content\/uploads\/2026\/04\/Innenraum-Stiege-frontal-1229x1536.jpg 1229w, https:\/\/motra.studio\/wp-content\/uploads\/2026\/04\/Innenraum-Stiege-frontal-1638x2048.jpg 1638w, https:\/\/motra.studio\/wp-content\/uploads\/2026\/04\/Innenraum-Stiege-frontal-10x12.jpg 10w\" sizes=\"(max-width: 1856px) 100vw, 1856px\" \/>\t\t\t\t\t\t\t\t\t\t\t\t\t\t\t<\/div>\n\t\t\t\t<div class=\"elementor-element elementor-element-7ed5960 elementor-widget elementor-widget-spacer\" data-id=\"7ed5960\" data-element_type=\"widget\" data-e-type=\"widget\" data-widget_type=\"spacer.default\">\n\t\t\t\t\t\t\t<div class=\"elementor-spacer\">\n\t\t\t<div class=\"elementor-spacer-inner\"><\/div>\n\t\t<\/div>\n\t\t\t\t\t\t<\/div>\n\t\t<div class=\"elementor-element elementor-element-985aaf1 e-grid e-con-boxed e-con e-child\" data-id=\"985aaf1\" data-element_type=\"container\" data-e-type=\"container\">\n\t\t\t\t\t<div class=\"e-con-inner\">\n\t\t\t\t<div class=\"elementor-element elementor-element-1232ea1 elementor-widget-mobile__width-auto elementor-widget elementor-widget-text-editor\" data-id=\"1232ea1\" data-element_type=\"widget\" data-e-type=\"widget\" data-widget_type=\"text-editor.default\">\n\t\t\t\t\t\t\t\t\t<p>Projektbeschreibung<\/p>\t\t\t\t\t\t\t\t<\/div>\n\t\t\t\t<div class=\"elementor-element elementor-element-05e7a11 elementor-widget__width-inherit elementor-widget-mobile__width-auto elementor-widget elementor-widget-text-editor\" data-id=\"05e7a11\" data-element_type=\"widget\" data-e-type=\"widget\" data-widget_type=\"text-editor.default\">\n\t\t\t\t\t\t\t\t\tDie Kernsanierung eines in den 1970er-Jahren errichteten Einfamilienhauses in Linz verbindet den sensiblen Umgang mit dem Bestand mit einer klaren architektonischen Neuinterpretation. Im Fokus stehen die bauphysikalische Ert\u00fcchtigung der Fassade sowie eine vollst\u00e4ndig neue Grundrissorganisation, die das Haus konsequent auf die Anforderungen der Auftraggeber:in ausrichtet.\n<details class=\"weiterlesen-box\"><summary>Weiterlesen<\/summary>\nIm Erdgeschoss entsteht ein offenes Wohnkonzept, das Kochen, Essen und Wohnen zu einem gro\u00dfz\u00fcgigen, alltagstauglichen Lebensmittelpunkt zusammenf\u00fchrt. Der ehemalige Poolbereich wird zum neuen Wohn- und Essbereich transformiert. Erg\u00e4nzende Nebenr\u00e4ume sind pr\u00e4zise in die neue Raumstruktur eingebunden, ohne die Offenheit der Hauptbereiche zu beeintr\u00e4chtigen. Im Obergeschoss sind die privaten R\u00e4ume klar gegliedert und bieten Platz f\u00fcr R\u00fcckzug, Familie und flexible Nutzungen wie Arbeiten von zu Hause. So entsteht eine ausgewogene Wohnorganisation, die gemeinschaftliche und private Bereiche selbstverst\u00e4ndlich miteinander verkn\u00fcpft.\n\nHerzst\u00fcck des Hauses ist ein bereits im Bestand angelegtes Atrium, das beide Ebenen miteinander verbindet und als r\u00e4umliches Zentrum neu inszeniert wird. Gemeinsam mit der verbindenden Stiege bildet es die innere Mitte des Hauses, erm\u00f6glicht Blickbeziehungen \u00fcber die Geschosse hinweg, f\u00fchrt Tageslicht tief in das Geb\u00e4ude und fasst die Erschlie\u00dfung zu einem klaren r\u00e4umlichen Gef\u00fcge.\n\nDie bestehende Fassade mit ihren markanten Eckfenstern bleibt in ihrer Anordnung erhalten und wird in ihrer architektonischen Pr\u00e4gnanz konstruktiv und im Detail weitergedacht. So entsteht ein Haus, das den Charakter des Bestands bewahrt und durch pr\u00e4zise gesetzte Eingriffe in eine zeitgem\u00e4\u00dfe, klar gegliederte Wohnstruktur \u00fcberf\u00fchrt wird.\n<\/details>\t\t\t\t\t\t\t\t<\/div>\n\t\t\t\t\t<\/div>\n\t\t\t\t<\/div>\n\t\t\t\t<div class=\"elementor-element elementor-element-dcfe180 elementor-widget elementor-widget-spacer\" data-id=\"dcfe180\" data-element_type=\"widget\" data-e-type=\"widget\" data-widget_type=\"spacer.default\">\n\t\t\t\t\t\t\t<div class=\"elementor-spacer\">\n\t\t\t<div class=\"elementor-spacer-inner\"><\/div>\n\t\t<\/div>\n\t\t\t\t\t\t<\/div>\n\t\t<div class=\"elementor-element elementor-element-4349b13 e-grid e-con-boxed e-con e-child\" data-id=\"4349b13\" data-element_type=\"container\" data-e-type=\"container\">\n\t\t\t\t\t<div class=\"e-con-inner\">\n\t\t\t\t<div class=\"elementor-element elementor-element-6440765 elementor-widget-mobile__width-auto elementor-widget elementor-widget-text-editor\" data-id=\"6440765\" data-element_type=\"widget\" data-e-type=\"widget\" data-widget_type=\"text-editor.default\">\n\t\t\t\t\t\t\t\t\t<p>AuftraggeberIn<\/p><p>Ort<\/p><p>Jahr<\/p><p>Kapazit\u00e4t (NF)<\/p>\t\t\t\t\t\t\t\t<\/div>\n\t\t\t\t<div class=\"elementor-element elementor-element-89648d5 elementor-widget-mobile__width-auto elementor-widget elementor-widget-text-editor\" data-id=\"89648d5\" data-element_type=\"widget\" data-e-type=\"widget\" data-widget_type=\"text-editor.default\">\n\t\t\t\t\t\t\t\t\t<p>Privat<\/p><p>4020 Linz<\/p><p>08.2025<\/p><p>356m\u00b2<\/p>\t\t\t\t\t\t\t\t<\/div>\n\t\t\t\t<div class=\"elementor-element elementor-element-32f0314 elementor-widget-mobile__width-auto elementor-widget elementor-widget-text-editor\" data-id=\"32f0314\" data-element_type=\"widget\" data-e-type=\"widget\" data-widget_type=\"text-editor.default\">\n\t\t\t\t\t\t\t\t\t<p>In Kooperation mit<\/p><p>Bauphysik<\/p><p>\u00a0<\/p>\t\t\t\t\t\t\t\t<\/div>\n\t\t\t\t<div class=\"elementor-element elementor-element-1a7487f elementor-widget__width-auto elementor-widget-mobile__width-auto elementor-widget elementor-widget-text-editor\" data-id=\"1a7487f\" data-element_type=\"widget\" data-e-type=\"widget\" data-widget_type=\"text-editor.default\">\n\t\t\t\t\t\t\t\t\t<p>Falk Joseph Oswald<\/p><p>Kubik Consulting<\/p>\t\t\t\t\t\t\t\t<\/div>\n\t\t\t\t\t<\/div>\n\t\t\t\t<\/div>\n\t\t\t\t<div class=\"elementor-element elementor-element-415f35d elementor-widget elementor-widget-spacer\" data-id=\"415f35d\" data-element_type=\"widget\" data-e-type=\"widget\" data-widget_type=\"spacer.default\">\n\t\t\t\t\t\t\t<div class=\"elementor-spacer\">\n\t\t\t<div class=\"elementor-spacer-inner\"><\/div>\n\t\t<\/div>\n\t\t\t\t\t\t<\/div>\n\t\t\t\t<div class=\"elementor-element elementor-element-6e4ff53 elementor-arrows-position-outside elementor--h-position-left elementor--v-position-bottom elementor-pagination-position-outside elementor-widget elementor-widget-slides\" data-id=\"6e4ff53\" data-element_type=\"widget\" data-e-type=\"widget\" data-settings=\"{&quot;navigation&quot;:&quot;both&quot;,&quot;autoplay&quot;:&quot;yes&quot;,&quot;pause_on_hover&quot;:&quot;yes&quot;,&quot;pause_on_interaction&quot;:&quot;yes&quot;,&quot;autoplay_speed&quot;:5000,&quot;infinite&quot;:&quot;yes&quot;,&quot;transition&quot;:&quot;slide&quot;,&quot;transition_speed&quot;:500}\" data-widget_type=\"slides.default\">\n\t\t\t\t\t\t\t\t\t\t<div class=\"elementor-slides-wrapper elementor-main-swiper swiper\" role=\"region\" aria-roledescription=\"carousel\" aria-label=\"Slider\" dir=\"ltr\" data-animation=\"\">\n\t\t\t\t<div class=\"swiper-wrapper elementor-slides\">\n\t\t\t\t\t\t\t\t\t\t<div class=\"elementor-repeater-item-801e250 swiper-slide\" role=\"group\" aria-roledescription=\"slide\"><div class=\"swiper-slide-bg\" role=\"img\" aria-label=\"Untergescho\u00df-Staffagen\"><\/div><div class=\"swiper-slide-inner\" ><div class=\"swiper-slide-contents\"><div class=\"elementor-slide-heading\">EG<\/div><\/div><\/div><\/div><div class=\"elementor-repeater-item-8ac74de swiper-slide\" role=\"group\" aria-roledescription=\"slide\"><div class=\"swiper-slide-bg\" role=\"img\" aria-label=\"Obergescho\u00df-Staffagen\"><\/div><div class=\"swiper-slide-inner\" ><div class=\"swiper-slide-contents\"><div class=\"elementor-slide-heading\">1.OG<\/div><\/div><\/div><\/div>\t\t\t\t<\/div>\n\t\t\t\t\t\t\t\t\t\t\t\t\t\t\t<div class=\"elementor-swiper-button elementor-swiper-button-prev\" role=\"button\" tabindex=\"0\" aria-label=\"Vorheriger Slide\">\n\t\t\t\t\t\t\t<svg aria-hidden=\"true\" class=\"e-font-icon-svg e-eicon-chevron-left\" viewBox=\"0 0 1000 1000\" xmlns=\"http:\/\/www.w3.org\/2000\/svg\"><path d=\"M646 125C629 125 613 133 604 142L308 442C296 454 292 471 292 487 292 504 296 521 308 533L604 854C617 867 629 875 646 875 663 875 679 871 692 858 704 846 713 829 713 812 713 796 708 779 692 767L438 487 692 225C700 217 708 204 708 187 708 171 704 154 692 142 675 129 663 125 646 125Z\"><\/path><\/svg>\t\t\t\t\t\t<\/div>\n\t\t\t\t\t\t<div class=\"elementor-swiper-button elementor-swiper-button-next\" role=\"button\" tabindex=\"0\" aria-label=\"N\u00e4chster Slide\">\n\t\t\t\t\t\t\t<svg aria-hidden=\"true\" class=\"e-font-icon-svg e-eicon-chevron-right\" viewBox=\"0 0 1000 1000\" xmlns=\"http:\/\/www.w3.org\/2000\/svg\"><path d=\"M696 533C708 521 713 504 713 487 713 471 708 454 696 446L400 146C388 133 375 125 354 125 338 125 325 129 313 142 300 154 292 171 292 187 292 204 296 221 308 233L563 492 304 771C292 783 288 800 288 817 288 833 296 850 308 863 321 871 338 875 354 875 371 875 388 867 400 854L696 533Z\"><\/path><\/svg>\t\t\t\t\t\t<\/div>\n\t\t\t\t\t\t\t\t\t\t\t\t\t\t\t\t<div class=\"swiper-pagination\"><\/div>\n\t\t\t\t\t\t\t\t\t\t\t\t<\/div>\n\t\t\t\t\t\t\t\t<\/div>\n\t\t\t\t<div class=\"elementor-element elementor-element-ae78bdd elementor-widget elementor-widget-spacer\" data-id=\"ae78bdd\" data-element_type=\"widget\" data-e-type=\"widget\" data-widget_type=\"spacer.default\">\n\t\t\t\t\t\t\t<div class=\"elementor-spacer\">\n\t\t\t<div class=\"elementor-spacer-inner\"><\/div>\n\t\t<\/div>\n\t\t\t\t\t\t<\/div>\n\t\t\t\t<div class=\"elementor-element elementor-element-efe8057 elementor-widget elementor-widget-image\" data-id=\"efe8057\" data-element_type=\"widget\" data-e-type=\"widget\" data-widget_type=\"image.default\">\n\t\t\t\t\t\t\t\t\t\t\t\t\t\t\t<img decoding=\"async\" width=\"1856\" height=\"2320\" src=\"https:\/\/motra.studio\/wp-content\/uploads\/2026\/04\/Innenraum-Obergeschoss-1.jpg\" class=\"attachment-full size-full wp-image-956\" alt=\"\" srcset=\"https:\/\/motra.studio\/wp-content\/uploads\/2026\/04\/Innenraum-Obergeschoss-1.jpg 1856w, https:\/\/motra.studio\/wp-content\/uploads\/2026\/04\/Innenraum-Obergeschoss-1-240x300.jpg 240w, https:\/\/motra.studio\/wp-content\/uploads\/2026\/04\/Innenraum-Obergeschoss-1-819x1024.jpg 819w, https:\/\/motra.studio\/wp-content\/uploads\/2026\/04\/Innenraum-Obergeschoss-1-768x960.jpg 768w, https:\/\/motra.studio\/wp-content\/uploads\/2026\/04\/Innenraum-Obergeschoss-1-1229x1536.jpg 1229w, https:\/\/motra.studio\/wp-content\/uploads\/2026\/04\/Innenraum-Obergeschoss-1-1638x2048.jpg 1638w, https:\/\/motra.studio\/wp-content\/uploads\/2026\/04\/Innenraum-Obergeschoss-1-10x12.jpg 10w\" sizes=\"(max-width: 1856px) 100vw, 1856px\" \/>\t\t\t\t\t\t\t\t\t\t\t\t\t\t\t<\/div>\n\t\t\t\t<div class=\"elementor-element elementor-element-493af7f elementor-widget elementor-widget-spacer\" data-id=\"493af7f\" data-element_type=\"widget\" data-e-type=\"widget\" data-widget_type=\"spacer.default\">\n\t\t\t\t\t\t\t<div class=\"elementor-spacer\">\n\t\t\t<div class=\"elementor-spacer-inner\"><\/div>\n\t\t<\/div>\n\t\t\t\t\t\t<\/div>\n\t\t\t\t<div class=\"elementor-element elementor-element-ed6fae1 elementor-widget elementor-widget-image\" data-id=\"ed6fae1\" data-element_type=\"widget\" data-e-type=\"widget\" data-widget_type=\"image.default\">\n\t\t\t\t\t\t\t\t\t\t\t\t\t\t\t<img decoding=\"async\" width=\"1536\" height=\"1024\" src=\"https:\/\/motra.studio\/wp-content\/uploads\/2026\/04\/ChatGPT-Image-9.-Maerz-2026-16_26_20.png\" class=\"attachment-full size-full wp-image-968\" alt=\"\" srcset=\"https:\/\/motra.studio\/wp-content\/uploads\/2026\/04\/ChatGPT-Image-9.-Maerz-2026-16_26_20.png 1536w, https:\/\/motra.studio\/wp-content\/uploads\/2026\/04\/ChatGPT-Image-9.-Maerz-2026-16_26_20-300x200.png 300w, https:\/\/motra.studio\/wp-content\/uploads\/2026\/04\/ChatGPT-Image-9.-Maerz-2026-16_26_20-1024x683.png 1024w, https:\/\/motra.studio\/wp-content\/uploads\/2026\/04\/ChatGPT-Image-9.-Maerz-2026-16_26_20-768x512.png 768w, https:\/\/motra.studio\/wp-content\/uploads\/2026\/04\/ChatGPT-Image-9.-Maerz-2026-16_26_20-18x12.png 18w\" sizes=\"(max-width: 1536px) 100vw, 1536px\" \/>\t\t\t\t\t\t\t\t\t\t\t\t\t\t\t<\/div>\n\t\t\t\t<div class=\"elementor-element elementor-element-6a4930a elementor-widget elementor-widget-spacer\" data-id=\"6a4930a\" data-element_type=\"widget\" data-e-type=\"widget\" data-widget_type=\"spacer.default\">\n\t\t\t\t\t\t\t<div class=\"elementor-spacer\">\n\t\t\t<div class=\"elementor-spacer-inner\"><\/div>\n\t\t<\/div>\n\t\t\t\t\t\t<\/div>\n\t\t\t\t<div class=\"elementor-element elementor-element-87a5e07 elementor-widget elementor-widget-image\" data-id=\"87a5e07\" data-element_type=\"widget\" data-e-type=\"widget\" data-widget_type=\"image.default\">\n\t\t\t\t\t\t\t\t\t\t\t\t\t\t\t<img loading=\"lazy\" decoding=\"async\" width=\"1856\" height=\"2320\" src=\"https:\/\/motra.studio\/wp-content\/uploads\/2026\/04\/Innenraum-Stiege.jpg\" class=\"attachment-full size-full wp-image-646\" alt=\"\" srcset=\"https:\/\/motra.studio\/wp-content\/uploads\/2026\/04\/Innenraum-Stiege.jpg 1856w, https:\/\/motra.studio\/wp-content\/uploads\/2026\/04\/Innenraum-Stiege-240x300.jpg 240w, https:\/\/motra.studio\/wp-content\/uploads\/2026\/04\/Innenraum-Stiege-819x1024.jpg 819w, https:\/\/motra.studio\/wp-content\/uploads\/2026\/04\/Innenraum-Stiege-768x960.jpg 768w, https:\/\/motra.studio\/wp-content\/uploads\/2026\/04\/Innenraum-Stiege-1229x1536.jpg 1229w, https:\/\/motra.studio\/wp-content\/uploads\/2026\/04\/Innenraum-Stiege-1638x2048.jpg 1638w, https:\/\/motra.studio\/wp-content\/uploads\/2026\/04\/Innenraum-Stiege-10x12.jpg 10w\" sizes=\"(max-width: 1856px) 100vw, 1856px\" \/>\t\t\t\t\t\t\t\t\t\t\t\t\t\t\t<\/div>\n\t\t\t\t<div class=\"elementor-element elementor-element-967d5e4 elementor-widget elementor-widget-spacer\" data-id=\"967d5e4\" data-element_type=\"widget\" data-e-type=\"widget\" data-widget_type=\"spacer.default\">\n\t\t\t\t\t\t\t<div class=\"elementor-spacer\">\n\t\t\t<div class=\"elementor-spacer-inner\"><\/div>\n\t\t<\/div>\n\t\t\t\t\t\t<\/div>\n\t\t\t\t<div class=\"elementor-element elementor-element-7bbe9da elementor-widget elementor-widget-image\" data-id=\"7bbe9da\" data-element_type=\"widget\" data-e-type=\"widget\" data-widget_type=\"image.default\">\n\t\t\t\t\t\t\t\t\t\t\t\t\t\t\t<img loading=\"lazy\" decoding=\"async\" width=\"1856\" height=\"2320\" src=\"https:\/\/motra.studio\/wp-content\/uploads\/2026\/04\/Fassade.jpg\" class=\"attachment-full size-full wp-image-967\" alt=\"\" srcset=\"https:\/\/motra.studio\/wp-content\/uploads\/2026\/04\/Fassade.jpg 1856w, https:\/\/motra.studio\/wp-content\/uploads\/2026\/04\/Fassade-240x300.jpg 240w, https:\/\/motra.studio\/wp-content\/uploads\/2026\/04\/Fassade-819x1024.jpg 819w, https:\/\/motra.studio\/wp-content\/uploads\/2026\/04\/Fassade-768x960.jpg 768w, https:\/\/motra.studio\/wp-content\/uploads\/2026\/04\/Fassade-1229x1536.jpg 1229w, https:\/\/motra.studio\/wp-content\/uploads\/2026\/04\/Fassade-1638x2048.jpg 1638w, https:\/\/motra.studio\/wp-content\/uploads\/2026\/04\/Fassade-10x12.jpg 10w\" sizes=\"(max-width: 1856px) 100vw, 1856px\" \/>\t\t\t\t\t\t\t\t\t\t\t\t\t\t\t<\/div>\n\t\t\t\t<\/div>\n\t\t<div class=\"elementor-element elementor-element-aa59274 e-flex e-con-boxed e-con e-parent\" data-id=\"aa59274\" data-element_type=\"container\" data-e-type=\"container\">\n\t\t\t\t\t<div class=\"e-con-inner\">\n\t\t\t\t<div class=\"elementor-element elementor-element-76d237c elementor-widget elementor-widget-html\" data-id=\"76d237c\" data-element_type=\"widget\" data-e-type=\"widget\" data-widget_type=\"html.default\">\n\t\t\t\t\t<div class=\"motra-cursor\"><\/div>\n<script>\n(() => {\n  const c = document.querySelector('.motra-cursor');\n  if (!c) return;\n\n  window.addEventListener('mousemove', (e) => {\n    c.style.transform = `translate(${e.clientX}px, ${e.clientY}px) translate(-50%, -50%)`;\n  }, { passive: true });\n\n  const hoverSel = 'a, button, .elementor-button, [role=\"button\"], input, textarea, select';\n  document.addEventListener('mouseover', (e) => {\n    if (e.target.closest(hoverSel)) document.body.classList.add('motra-cursor-hover');\n  });\n  document.addEventListener('mouseout', (e) => {\n    if (e.target.closest(hoverSel)) document.body.classList.remove('motra-cursor-hover');\n  });\n})();\n<\/script>\t\t\t\t<\/div>\n\t\t\t\t\t<\/div>\n\t\t\t\t<\/div>\n\t\t\t\t<\/div>\n\t\t","protected":false},"excerpt":{"rendered":"<p>Projektbeschreibung Die Kernsanierung eines in den 1970er-Jahren errichteten Einfamilienhauses in Linz verbindet den sensiblen Umgang mit dem Bestand mit einer klaren architektonischen Neuinterpretation. Im Fokus stehen die bauphysikalische Ert\u00fcchtigung der Fassade sowie eine vollst\u00e4ndig neue Grundrissorganisation, die das Haus konsequent auf die Anforderungen der Auftraggeber:in ausrichtet. Weiterlesen Im Erdgeschoss entsteht ein offenes Wohnkonzept, das Kochen, [&hellip;]<\/p>\n","protected":false},"author":1,"featured_media":0,"parent":0,"menu_order":0,"comment_status":"closed","ping_status":"closed","template":"","meta":{"footnotes":""},"class_list":["post-930","page","type-page","status-publish","hentry"],"_links":{"self":[{"href":"https:\/\/motra.studio\/en\/wp-json\/wp\/v2\/pages\/930","targetHints":{"allow":["GET"]}}],"collection":[{"href":"https:\/\/motra.studio\/en\/wp-json\/wp\/v2\/pages"}],"about":[{"href":"https:\/\/motra.studio\/en\/wp-json\/wp\/v2\/types\/page"}],"author":[{"embeddable":true,"href":"https:\/\/motra.studio\/en\/wp-json\/wp\/v2\/users\/1"}],"replies":[{"embeddable":true,"href":"https:\/\/motra.studio\/en\/wp-json\/wp\/v2\/comments?post=930"}],"version-history":[{"count":10,"href":"https:\/\/motra.studio\/en\/wp-json\/wp\/v2\/pages\/930\/revisions"}],"predecessor-version":[{"id":975,"href":"https:\/\/motra.studio\/en\/wp-json\/wp\/v2\/pages\/930\/revisions\/975"}],"wp:attachment":[{"href":"https:\/\/motra.studio\/en\/wp-json\/wp\/v2\/media?parent=930"}],"curies":[{"name":"wp","href":"https:\/\/api.w.org\/{rel}","templated":true}]}}