{"id":610,"date":"2026-04-27T13:09:09","date_gmt":"2026-04-27T11:09:09","guid":{"rendered":"https:\/\/motra.studio\/?page_id=610"},"modified":"2026-04-28T16:33:47","modified_gmt":"2026-04-28T14:33:47","slug":"projektseite","status":"publish","type":"page","link":"https:\/\/motra.studio\/en\/projektseite\/","title":{"rendered":"Projektseite"},"content":{"rendered":"\t\t<div data-elementor-type=\"wp-page\" data-elementor-id=\"610\" class=\"elementor elementor-610\" data-elementor-post-type=\"page\">\n\t\t\t\t<div class=\"elementor-element elementor-element-760ce7c e-con-full e-flex e-con e-parent\" data-id=\"760ce7c\" data-element_type=\"container\" data-e-type=\"container\">\n\t\t\t\t<div class=\"elementor-element elementor-element-1be3c4d elementor-widget elementor-widget-spacer\" data-id=\"1be3c4d\" data-element_type=\"widget\" data-e-type=\"widget\" data-widget_type=\"spacer.default\">\n\t\t\t\t\t\t\t<div class=\"elementor-spacer\">\n\t\t\t<div class=\"elementor-spacer-inner\"><\/div>\n\t\t<\/div>\n\t\t\t\t\t\t<\/div>\n\t\t\t\t<div class=\"elementor-element elementor-element-7f69ca3 elementor-widget elementor-widget-image\" data-id=\"7f69ca3\" data-element_type=\"widget\" data-e-type=\"widget\" data-widget_type=\"image.default\">\n\t\t\t\t\t\t\t\t\t\t\t\t\t\t\t<img fetchpriority=\"high\" decoding=\"async\" width=\"2560\" height=\"1120\" src=\"https:\/\/motra.studio\/wp-content\/uploads\/2026\/04\/WBW_Graz_260129_b-scaled.jpg\" class=\"attachment-full size-full wp-image-704\" alt=\"\" srcset=\"https:\/\/motra.studio\/wp-content\/uploads\/2026\/04\/WBW_Graz_260129_b-scaled.jpg 2560w, https:\/\/motra.studio\/wp-content\/uploads\/2026\/04\/WBW_Graz_260129_b-300x131.jpg 300w, https:\/\/motra.studio\/wp-content\/uploads\/2026\/04\/WBW_Graz_260129_b-1024x448.jpg 1024w, https:\/\/motra.studio\/wp-content\/uploads\/2026\/04\/WBW_Graz_260129_b-768x336.jpg 768w, https:\/\/motra.studio\/wp-content\/uploads\/2026\/04\/WBW_Graz_260129_b-1536x672.jpg 1536w, https:\/\/motra.studio\/wp-content\/uploads\/2026\/04\/WBW_Graz_260129_b-2048x896.jpg 2048w, https:\/\/motra.studio\/wp-content\/uploads\/2026\/04\/WBW_Graz_260129_b-18x8.jpg 18w\" sizes=\"(max-width: 2560px) 100vw, 2560px\" \/>\t\t\t\t\t\t\t\t\t\t\t\t\t\t\t<\/div>\n\t\t\t\t<div class=\"elementor-element elementor-element-7ed5960 elementor-widget elementor-widget-spacer\" data-id=\"7ed5960\" data-element_type=\"widget\" data-e-type=\"widget\" data-widget_type=\"spacer.default\">\n\t\t\t\t\t\t\t<div class=\"elementor-spacer\">\n\t\t\t<div class=\"elementor-spacer-inner\"><\/div>\n\t\t<\/div>\n\t\t\t\t\t\t<\/div>\n\t\t<div class=\"elementor-element elementor-element-985aaf1 e-grid e-con-boxed e-con e-child\" data-id=\"985aaf1\" data-element_type=\"container\" data-e-type=\"container\">\n\t\t\t\t\t<div class=\"e-con-inner\">\n\t\t\t\t<div class=\"elementor-element elementor-element-1232ea1 elementor-widget-mobile__width-auto elementor-widget elementor-widget-text-editor\" data-id=\"1232ea1\" data-element_type=\"widget\" data-e-type=\"widget\" data-widget_type=\"text-editor.default\">\n\t\t\t\t\t\t\t\t\t<p>Projektbeschreibung<\/p>\t\t\t\t\t\t\t\t<\/div>\n\t\t\t\t<div class=\"elementor-element elementor-element-05e7a11 elementor-widget__width-inherit elementor-widget-mobile__width-auto elementor-widget elementor-widget-text-editor\" data-id=\"05e7a11\" data-element_type=\"widget\" data-e-type=\"widget\" data-widget_type=\"text-editor.default\">\n\t\t\t\t\t\t\t\t\t<p>Der Bauk\u00f6rper gliedert sich in einen eingeschossigen Sockel im Westen, der zwischen der bestehenden Kinderkrippe, dem Kindergarten und dem feink\u00f6rnigen Gartensiedlungsgebiet vermittelt, sowie in einen dreigeschossigen Zeilenbau zur Augasse und zu den angrenzenden gro\u00dfvolumigen Wohnbauten im Nordosten.<\/p><details class=\"weiterlesen-box\"><summary>Weiterlesen<\/summary><p>Durch diese Differenzierung vermittelt der Bauk\u00f6rper zwischen den umgebenden Ma\u00dfst\u00e4ben und schafft eine f\u00fcr eine Volksschule ma\u00dfst\u00e4blich angemessene, freundliche Proportion, die sich sensibel in den Bestand einf\u00fcgt und zugleich den Au\u00dfenraum st\u00e4rkt. Die Erschlie\u00dfung des Geb\u00e4udes erfolgt \u00fcber die s\u00fcdlich gelegene Spielstra\u00dfe. Ein pr\u00e4gnanter Geb\u00e4uder\u00fccksprung markiert die Adresse und schafft einen witterungsgesch\u00fctzten Eingangsbereich. Separate Zug\u00e4nge f\u00fcr die Partner:innenklasse, Lieferanten sowie externe Nut-zer:innen sind im Westen direkt an den \u00f6ffentlichen Stra\u00dfenraum angebunden. Hinter dem Haupteingang erschlie\u00dft eine Garderobe als \u201eSchmutzschleuse\u201c die zentrale Magistrale, von der alle Funktionen des Erdgeschosses sowie die Au\u00dfenr\u00e4ume gut erreichbar sind. Im Zentrum liegen die Aula als gemeinsamer Mittelpunkt und das gut sichtbare Treppenhaus als zentraler Orientierungspunkt. Die beiden Obergeschosse werden \u00fcber das zentrale Treppenhaus in einen s\u00fcdlichen und einen n\u00f6rdlichen Cluster gegliedert und im OG 1 durch zwei Werkr\u00e4ume erg\u00e4nzt. Die Cluster folgen dem p\u00e4dagogischen Konzept und \u00fcbersetzen dieses in eine klare r\u00e4umliche Struktur: Den Klassenr\u00e4umen ist eine zusammenh\u00e4ngende Lernzone mit Pausenfl\u00e4che und direktem Au\u00dfenbezug vorgelagert, die als nutzungsoffener Raum mit hoher Aufenthaltsqualit\u00e4t dient. Sie erm\u00f6glicht vielf\u00e4ltige Lern- und Begegnungssituationen und verzahnt Innen- und Au\u00dfenraum. Durch gezielt gesetzte raumbildende Elemente und differenzierte M\u00f6blierung wird ein hallenartiger Charakter vermieden und eine offene Lernatmosph\u00e4re mit starkem Au\u00dfenraumbezug geschaffen.<\/p><\/details>\t\t\t\t\t\t\t\t<\/div>\n\t\t\t\t\t<\/div>\n\t\t\t\t<\/div>\n\t\t\t\t<div class=\"elementor-element elementor-element-dcfe180 elementor-widget elementor-widget-spacer\" data-id=\"dcfe180\" data-element_type=\"widget\" data-e-type=\"widget\" data-widget_type=\"spacer.default\">\n\t\t\t\t\t\t\t<div class=\"elementor-spacer\">\n\t\t\t<div class=\"elementor-spacer-inner\"><\/div>\n\t\t<\/div>\n\t\t\t\t\t\t<\/div>\n\t\t<div class=\"elementor-element elementor-element-4349b13 e-grid e-con-boxed e-con e-child\" data-id=\"4349b13\" data-element_type=\"container\" data-e-type=\"container\">\n\t\t\t\t\t<div class=\"e-con-inner\">\n\t\t\t\t<div class=\"elementor-element elementor-element-6440765 elementor-widget-mobile__width-auto elementor-widget elementor-widget-text-editor\" data-id=\"6440765\" data-element_type=\"widget\" data-e-type=\"widget\" data-widget_type=\"text-editor.default\">\n\t\t\t\t\t\t\t\t\t<p>Auslober<\/p><p>Ort<\/p><p>Jahr<\/p><p>Kapazit\u00e4t (BGF)<\/p>\t\t\t\t\t\t\t\t<\/div>\n\t\t\t\t<div class=\"elementor-element elementor-element-89648d5 elementor-widget-mobile__width-auto elementor-widget elementor-widget-text-editor\" data-id=\"89648d5\" data-element_type=\"widget\" data-e-type=\"widget\" data-widget_type=\"text-editor.default\">\n\t\t\t\t\t\t\t\t\t<p>Stadt Graz<\/p><p>8051 Fischerau<\/p><p>02.2026<\/p><p>5.432m\u00b2<\/p>\t\t\t\t\t\t\t\t<\/div>\n\t\t\t\t<div class=\"elementor-element elementor-element-32f0314 elementor-widget-mobile__width-auto elementor-widget elementor-widget-text-editor\" data-id=\"32f0314\" data-element_type=\"widget\" data-e-type=\"widget\" data-widget_type=\"text-editor.default\">\n\t\t\t\t\t\t\t\t\t<p>In Kooperation mit<\/p><p>Brandschutzplanung<\/p><p>Landschaftsplanung<\/p><p>Modellbau<\/p>\t\t\t\t\t\t\t\t<\/div>\n\t\t\t\t<div class=\"elementor-element elementor-element-1a7487f elementor-widget__width-auto elementor-widget-mobile__width-auto elementor-widget elementor-widget-text-editor\" data-id=\"1a7487f\" data-element_type=\"widget\" data-e-type=\"widget\" data-widget_type=\"text-editor.default\">\n\t\t\t\t\t\t\t\t\t<p>Arch. DI Stefan Dygruber<\/p>\n<p>Arch. DI Sven Mayer-Schwieger<\/p>\n<p>SILA Landschaftsarchitektur<\/p>\n<p>Matthias Nemestothy<\/p>\t\t\t\t\t\t\t\t<\/div>\n\t\t\t\t\t<\/div>\n\t\t\t\t<\/div>\n\t\t\t\t<div class=\"elementor-element elementor-element-415f35d elementor-widget elementor-widget-spacer\" data-id=\"415f35d\" data-element_type=\"widget\" data-e-type=\"widget\" data-widget_type=\"spacer.default\">\n\t\t\t\t\t\t\t<div class=\"elementor-spacer\">\n\t\t\t<div class=\"elementor-spacer-inner\"><\/div>\n\t\t<\/div>\n\t\t\t\t\t\t<\/div>\n\t\t\t\t<div class=\"elementor-element elementor-element-6e4ff53 elementor-arrows-position-outside elementor--h-position-left elementor--v-position-bottom elementor-pagination-position-outside elementor-widget elementor-widget-slides\" data-id=\"6e4ff53\" data-element_type=\"widget\" data-e-type=\"widget\" data-settings=\"{&quot;navigation&quot;:&quot;both&quot;,&quot;autoplay&quot;:&quot;yes&quot;,&quot;pause_on_hover&quot;:&quot;yes&quot;,&quot;pause_on_interaction&quot;:&quot;yes&quot;,&quot;autoplay_speed&quot;:5000,&quot;infinite&quot;:&quot;yes&quot;,&quot;transition&quot;:&quot;slide&quot;,&quot;transition_speed&quot;:500}\" data-widget_type=\"slides.default\">\n\t\t\t\t\t\t\t\t\t\t<div class=\"elementor-slides-wrapper elementor-main-swiper swiper\" role=\"region\" aria-roledescription=\"carousel\" aria-label=\"Slider\" dir=\"ltr\" data-animation=\"\">\n\t\t\t\t<div class=\"swiper-wrapper elementor-slides\">\n\t\t\t\t\t\t\t\t\t\t<div class=\"elementor-repeater-item-801e250 swiper-slide\" role=\"group\" aria-roledescription=\"slide\"><div class=\"swiper-slide-bg\" role=\"img\" aria-label=\"EG\"><\/div><div class=\"swiper-slide-inner\" ><div class=\"swiper-slide-contents\"><div class=\"elementor-slide-heading\">EG<\/div><\/div><\/div><\/div><div class=\"elementor-repeater-item-8ac74de swiper-slide\" role=\"group\" aria-roledescription=\"slide\"><div class=\"swiper-slide-bg\" role=\"img\" aria-label=\"OG-1\"><\/div><div class=\"swiper-slide-inner\" ><div class=\"swiper-slide-contents\"><div class=\"elementor-slide-heading\">1.OG<\/div><\/div><\/div><\/div><div class=\"elementor-repeater-item-70c466b swiper-slide\" role=\"group\" aria-roledescription=\"slide\"><div class=\"swiper-slide-bg\" role=\"img\" aria-label=\"OG-2\"><\/div><div class=\"swiper-slide-inner\" ><div class=\"swiper-slide-contents\"><div class=\"elementor-slide-heading\">2.OG<\/div><\/div><\/div><\/div>\t\t\t\t<\/div>\n\t\t\t\t\t\t\t\t\t\t\t\t\t\t\t<div class=\"elementor-swiper-button elementor-swiper-button-prev\" role=\"button\" tabindex=\"0\" aria-label=\"Vorheriger Slide\">\n\t\t\t\t\t\t\t<svg aria-hidden=\"true\" class=\"e-font-icon-svg e-eicon-chevron-left\" viewBox=\"0 0 1000 1000\" xmlns=\"http:\/\/www.w3.org\/2000\/svg\"><path d=\"M646 125C629 125 613 133 604 142L308 442C296 454 292 471 292 487 292 504 296 521 308 533L604 854C617 867 629 875 646 875 663 875 679 871 692 858 704 846 713 829 713 812 713 796 708 779 692 767L438 487 692 225C700 217 708 204 708 187 708 171 704 154 692 142 675 129 663 125 646 125Z\"><\/path><\/svg>\t\t\t\t\t\t<\/div>\n\t\t\t\t\t\t<div class=\"elementor-swiper-button elementor-swiper-button-next\" role=\"button\" tabindex=\"0\" aria-label=\"N\u00e4chster Slide\">\n\t\t\t\t\t\t\t<svg aria-hidden=\"true\" class=\"e-font-icon-svg e-eicon-chevron-right\" viewBox=\"0 0 1000 1000\" xmlns=\"http:\/\/www.w3.org\/2000\/svg\"><path d=\"M696 533C708 521 713 504 713 487 713 471 708 454 696 446L400 146C388 133 375 125 354 125 338 125 325 129 313 142 300 154 292 171 292 187 292 204 296 221 308 233L563 492 304 771C292 783 288 800 288 817 288 833 296 850 308 863 321 871 338 875 354 875 371 875 388 867 400 854L696 533Z\"><\/path><\/svg>\t\t\t\t\t\t<\/div>\n\t\t\t\t\t\t\t\t\t\t\t\t\t\t\t\t<div class=\"swiper-pagination\"><\/div>\n\t\t\t\t\t\t\t\t\t\t\t\t<\/div>\n\t\t\t\t\t\t\t\t<\/div>\n\t\t\t\t<div class=\"elementor-element elementor-element-ae78bdd elementor-widget elementor-widget-spacer\" data-id=\"ae78bdd\" data-element_type=\"widget\" data-e-type=\"widget\" data-widget_type=\"spacer.default\">\n\t\t\t\t\t\t\t<div class=\"elementor-spacer\">\n\t\t\t<div class=\"elementor-spacer-inner\"><\/div>\n\t\t<\/div>\n\t\t\t\t\t\t<\/div>\n\t\t\t\t<div class=\"elementor-element elementor-element-efe8057 elementor-widget elementor-widget-image\" data-id=\"efe8057\" data-element_type=\"widget\" data-e-type=\"widget\" data-widget_type=\"image.default\">\n\t\t\t\t\t\t\t\t\t\t\t\t\t\t\t<img decoding=\"async\" width=\"1519\" height=\"578\" src=\"https:\/\/motra.studio\/wp-content\/uploads\/2026\/04\/ANSICHT-Strassenfassade.png\" class=\"attachment-full size-full wp-image-884\" alt=\"\" srcset=\"https:\/\/motra.studio\/wp-content\/uploads\/2026\/04\/ANSICHT-Strassenfassade.png 1519w, https:\/\/motra.studio\/wp-content\/uploads\/2026\/04\/ANSICHT-Strassenfassade-300x114.png 300w, https:\/\/motra.studio\/wp-content\/uploads\/2026\/04\/ANSICHT-Strassenfassade-1024x390.png 1024w, https:\/\/motra.studio\/wp-content\/uploads\/2026\/04\/ANSICHT-Strassenfassade-768x292.png 768w, https:\/\/motra.studio\/wp-content\/uploads\/2026\/04\/ANSICHT-Strassenfassade-18x7.png 18w\" sizes=\"(max-width: 1519px) 100vw, 1519px\" \/>\t\t\t\t\t\t\t\t\t\t\t\t\t\t\t<\/div>\n\t\t\t\t<div class=\"elementor-element elementor-element-87a5e07 elementor-widget elementor-widget-image\" data-id=\"87a5e07\" data-element_type=\"widget\" data-e-type=\"widget\" data-widget_type=\"image.default\">\n\t\t\t\t\t\t\t\t\t\t\t\t\t\t\t<img decoding=\"async\" width=\"1519\" height=\"578\" src=\"https:\/\/motra.studio\/wp-content\/uploads\/2026\/04\/ANSICHT-Haupteingang.png\" class=\"attachment-full size-full wp-image-889\" alt=\"\" srcset=\"https:\/\/motra.studio\/wp-content\/uploads\/2026\/04\/ANSICHT-Haupteingang.png 1519w, https:\/\/motra.studio\/wp-content\/uploads\/2026\/04\/ANSICHT-Haupteingang-300x114.png 300w, https:\/\/motra.studio\/wp-content\/uploads\/2026\/04\/ANSICHT-Haupteingang-1024x390.png 1024w, https:\/\/motra.studio\/wp-content\/uploads\/2026\/04\/ANSICHT-Haupteingang-768x292.png 768w, https:\/\/motra.studio\/wp-content\/uploads\/2026\/04\/ANSICHT-Haupteingang-18x7.png 18w\" sizes=\"(max-width: 1519px) 100vw, 1519px\" \/>\t\t\t\t\t\t\t\t\t\t\t\t\t\t\t<\/div>\n\t\t\t\t<\/div>\n\t\t<div class=\"elementor-element elementor-element-aa59274 e-flex e-con-boxed e-con e-parent\" data-id=\"aa59274\" data-element_type=\"container\" data-e-type=\"container\">\n\t\t\t\t\t<div class=\"e-con-inner\">\n\t\t\t\t<div class=\"elementor-element elementor-element-76d237c elementor-widget elementor-widget-html\" data-id=\"76d237c\" data-element_type=\"widget\" data-e-type=\"widget\" data-widget_type=\"html.default\">\n\t\t\t\t\t<div class=\"motra-cursor\"><\/div>\n<script>\n(() => {\n  const c = document.querySelector('.motra-cursor');\n  if (!c) return;\n\n  window.addEventListener('mousemove', (e) => {\n    c.style.transform = `translate(${e.clientX}px, ${e.clientY}px) translate(-50%, -50%)`;\n  }, { passive: true });\n\n  const hoverSel = 'a, button, .elementor-button, [role=\"button\"], input, textarea, select';\n  document.addEventListener('mouseover', (e) => {\n    if (e.target.closest(hoverSel)) document.body.classList.add('motra-cursor-hover');\n  });\n  document.addEventListener('mouseout', (e) => {\n    if (e.target.closest(hoverSel)) document.body.classList.remove('motra-cursor-hover');\n  });\n})();\n<\/script>\t\t\t\t<\/div>\n\t\t\t\t\t<\/div>\n\t\t\t\t<\/div>\n\t\t\t\t<\/div>\n\t\t","protected":false},"excerpt":{"rendered":"<p>Projektbeschreibung Der Bauk\u00f6rper gliedert sich in einen eingeschossigen Sockel im Westen, der zwischen der bestehenden Kinderkrippe, dem Kindergarten und dem feink\u00f6rnigen Gartensiedlungsgebiet vermittelt, sowie in einen dreigeschossigen Zeilenbau zur Augasse und zu den angrenzenden gro\u00dfvolumigen Wohnbauten im Nordosten. Weiterlesen Durch diese Differenzierung vermittelt der Bauk\u00f6rper zwischen den umgebenden Ma\u00dfst\u00e4ben und schafft eine f\u00fcr eine Volksschule [&hellip;]<\/p>\n","protected":false},"author":1,"featured_media":0,"parent":0,"menu_order":0,"comment_status":"closed","ping_status":"closed","template":"","meta":{"footnotes":""},"class_list":["post-610","page","type-page","status-publish","hentry"],"_links":{"self":[{"href":"https:\/\/motra.studio\/en\/wp-json\/wp\/v2\/pages\/610","targetHints":{"allow":["GET"]}}],"collection":[{"href":"https:\/\/motra.studio\/en\/wp-json\/wp\/v2\/pages"}],"about":[{"href":"https:\/\/motra.studio\/en\/wp-json\/wp\/v2\/types\/page"}],"author":[{"embeddable":true,"href":"https:\/\/motra.studio\/en\/wp-json\/wp\/v2\/users\/1"}],"replies":[{"embeddable":true,"href":"https:\/\/motra.studio\/en\/wp-json\/wp\/v2\/comments?post=610"}],"version-history":[{"count":11,"href":"https:\/\/motra.studio\/en\/wp-json\/wp\/v2\/pages\/610\/revisions"}],"predecessor-version":[{"id":938,"href":"https:\/\/motra.studio\/en\/wp-json\/wp\/v2\/pages\/610\/revisions\/938"}],"wp:attachment":[{"href":"https:\/\/motra.studio\/en\/wp-json\/wp\/v2\/media?parent=610"}],"curies":[{"name":"wp","href":"https:\/\/api.w.org\/{rel}","templated":true}]}}