{"id":364,"date":"2026-04-13T11:47:54","date_gmt":"2026-04-13T09:47:54","guid":{"rendered":"https:\/\/motra.studio\/?page_id=364"},"modified":"2026-04-28T12:03:15","modified_gmt":"2026-04-28T10:03:15","slug":"impressum","status":"publish","type":"page","link":"https:\/\/motra.studio\/en\/impressum\/","title":{"rendered":"Impressum"},"content":{"rendered":"\t\t<div data-elementor-type=\"wp-page\" data-elementor-id=\"364\" class=\"elementor elementor-364\" data-elementor-post-type=\"page\">\n\t\t\t\t<div class=\"elementor-element elementor-element-74d32f5 e-flex e-con-boxed e-con e-parent\" data-id=\"74d32f5\" data-element_type=\"container\" data-e-type=\"container\">\n\t\t\t\t\t<div class=\"e-con-inner\">\n\t\t\t\t<div class=\"elementor-element elementor-element-0ae5c4c elementor-widget elementor-widget-spacer\" data-id=\"0ae5c4c\" data-element_type=\"widget\" data-e-type=\"widget\" data-widget_type=\"spacer.default\">\n\t\t\t\t\t\t\t<div class=\"elementor-spacer\">\n\t\t\t<div class=\"elementor-spacer-inner\"><\/div>\n\t\t<\/div>\n\t\t\t\t\t\t<\/div>\n\t\t\t\t\t<\/div>\n\t\t\t\t<\/div>\n\t\t<div class=\"elementor-element elementor-element-d411cba e-flex e-con-boxed e-con e-parent\" data-id=\"d411cba\" data-element_type=\"container\" data-e-type=\"container\" data-settings=\"{&quot;shape_divider_top&quot;:&quot;drops&quot;}\">\n\t\t\t\t\t<div class=\"e-con-inner\">\n\t\t\t\t<div class=\"elementor-shape elementor-shape-top\" aria-hidden=\"true\" data-negative=\"false\">\n\t\t\t<svg xmlns=\"http:\/\/www.w3.org\/2000\/svg\" height=\"100%\" viewBox=\"0 0 283.5 27.8\" preserveAspectRatio=\"xMidYMax slice\">\n\t<path class=\"elementor-shape-fill\" d=\"M0 0v1.4c.6.7 1.1 1.4 1.4 2 2 3.8 2.2 6.6 1.8 10.8-.3 3.3-2.4 9.4 0 12.3 1.7 2 3.7 1.4 4.6-.9 1.4-3.8-.7-8.2-.6-12 .1-3.7 3.2-5.5 6.9-4.9 4 .6 4.8 4 4.9 7.4.1 1.8-1.1 7 0 8.5.6.8 1.6 1.2 2.4.5 1.4-1.1.1-5.4.1-6.9.1-3.7.3-8.6 4.1-10.5 5-2.5 6.2 1.6 5.4 5.6-.4 1.7-1 9.2 2.9 6.3 1.5-1.1.7-3.5.5-4.9-.4-2.4-.4-4.3 1-6.5.9-1.4 2.4-3.1 4.2-3 2.4.1 2.7 2.2 4 3.7 1.5 1.8 1.8 2.2 3 .1 1.1-1.9 1.2-2.8 3.6-3.3 1.3-.3 4.8-1.4 5.9-.5 1.5 1.1.6 2.8.4 4.3-.2 1.1-.6 4 1.8 3.4 1.7-.4-.3-4.1.6-5.6 1.3-2.2 5.8-1.4 7 .5 1.3 2.1.5 5.8.1 8.1s-1.2 5-.6 7.4c1.3 5.1 4.4.9 4.3-2.4-.1-4.4-2-8.8-.5-13 .9-2.4 4.6-6.6 7.7-4.5 2.7 1.8.5 7.8.2 10.3-.2 1.7-.8 4.6.2 6.2.9 1.4 2 1.5 2.6-.3.5-1.5-.9-4.5-1-6.1-.2-1.7-.4-3.7.2-5.4 1.8-5.6 3.5 2.4 6.3.6 1.4-.9 4.3-9.4 6.1-3.1.6 2.2-1.3 7.8.7 8.9 4.2 2.3 1.5-7.1 2.2-8 3.1-4 4.7 3.8 6.1 4.1 3.1.7 2.8-7.9 8.1-4.5 1.7 1.1 2.9 3.3 3.2 5.2.4 2.2-1 4.5-.6 6.6 1 4.3 4.4 1.5 4.4-1.7 0-2.7-3-8.3 1.4-9.1 4.4-.9 7.3 3.5 7.8 6.9.3 2-1.5 10.9 1.3 11.3 4.1.6-3.2-15.7 4.8-15.8 4.7-.1 2.8 4.1 3.9 6.6 1 2.4 2.1 1 2.3-.8.3-1.9-.9-3.2 1.3-4.3 5.9-2.9 5.9 5.4 5.5 8.5-.3 2-1.7 8.4 2 8.1 6.9-.5-2.8-16.9 4.8-18.7 4.7-1.2 6.1 3.6 6.3 7.1.1 1.7-1.2 8.1.6 9.1 3.5 2 1.9-7 2-8.4.2-4 1.2-9.6 6.4-9.8 4.7-.2 3.2 4.6 2.7 7.5-.4 2.2 1.3 8.6 3.8 4.4 1.1-1.9-.3-4.1-.3-6 0-1.7.4-3.2 1.3-4.6 1-1.6 2.9-3.5 5.1-2.9 2.5.6 2.3 4.1 4.1 4.9 1.9.8 1.6-.9 2.3-2.1 1.2-2.1 2.1-2.1 4.4-2.4 1.4-.2 3.6-1.5 4.9-.5 2.3 1.7-.7 4.4.1 6.5.6 1.5 2.1 1.7 2.8.3.7-1.4-1.1-3.4-.3-4.8 1.4-2.5 6.2-1.2 7.2 1 2.3 4.8-3.3 12-.2 16.3 3 4.1 3.9-2.8 3.8-4.8-.4-4.3-2.1-8.9 0-13.1 1.3-2.5 5.9-5.7 7.9-2.4 2 3.2-1.3 9.8-.8 13.4.5 4.4 3.5 3.3 2.7-.8-.4-1.9-2.4-10 .6-11.1 3.7-1.4 2.8 7.2 6.5.4 2.2-4.1 4.9-3.1 5.2 1.2.1 1.5-.6 3.1-.4 4.6.2 1.9 1.8 3.7 3.3 1.3 1-1.6-2.6-10.4 2.9-7.3 2.6 1.5 1.6 6.5 4.8 2.7 1.3-1.5 1.7-3.6 4-3.7 2.2-.1 4 2.3 4.8 4.1 1.3 2.9-1.5 8.4.9 10.3 4.2 3.3 3-5.5 2.7-6.9-.6-3.9 1-7.2 5.5-5 4.1 2.1 4.3 7.7 4.1 11.6 0 .8-.6 9.5 2.5 5.2 1.2-1.7-.1-7.7.1-9.6.3-2.9 1.2-5.5 4.3-6.2 4.5-1 7.7 1.5 7.4 5.8-.2 3.5-1.8 7.7-.5 11.1 1 2.7 3.6 2.8 5 .2 1.6-3.1 0-8.3-.4-11.6-.4-4.2-.2-7 1.8-10.8 0 0-.1.1-.1.2-.2.4-.3.7-.4.8v.1c-.1.2-.1.2 0 0v-.1l.4-.8c0-.1.1-.1.1-.2.2-.4.5-.8.8-1.2V0H0zM282.7 3.4z\"\/>\n<\/svg>\t\t<\/div>\n\t\t\t\t<div class=\"elementor-element elementor-element-4efc063 elementor-widget elementor-widget-text-editor\" data-id=\"4efc063\" data-element_type=\"widget\" data-e-type=\"widget\" data-widget_type=\"text-editor.default\">\n\t\t\t\t\t\t\t\t\t<h5><span style=\"color: #000000;\"><strong><span style=\"font-style: var( --e-global-typography-text-font-style ); letter-spacing: var( --e-global-typography-text-letter-spacing ); text-transform: var( --e-global-typography-text-text-transform ); word-spacing: var( --e-global-typography-text-word-spacing ); text-align: var(--text-align);\">Impressum<\/span><\/strong><\/span><\/h5>\t\t\t\t\t\t\t\t<\/div>\n\t\t\t\t<div class=\"elementor-element elementor-element-bd9dd6a elementor-widget elementor-widget-text-editor\" data-id=\"bd9dd6a\" data-element_type=\"widget\" data-e-type=\"widget\" data-widget_type=\"text-editor.default\">\n\t\t\t\t\t\t\t\t\t<h6><span style=\"color: #000000;\">Arch. DI Mario Scheinecker e.U.<\/span><br \/><span style=\"color: #000000;\">Staatlich befugter und beeideter Ziviltechniker<\/span><\/h6><h6><span style=\"color: #000000;\">T: +43 676 9433002<br \/><\/span><span style=\"color: #000000;\">M: ms@motra.studio<\/span><br \/><span style=\"color: #000000;\">UID: ATU83134207<\/span><\/h6><h6>\u00a0<\/h6><h6><span style=\"color: #000000;\">DI Jacopo Deplano e.U.<\/span><\/h6><h6><span style=\"color: #000000;\">T: +43 681 20518083<\/span><br \/><span style=\"color: #000000;\">M: jd@motra.studio<\/span><br \/><span style=\"color: #000000;\">UID: ATU82981212<\/span><\/h6><h6>\u00a0<\/h6><h6><span style=\"color: #000000;\">Liebhartsgasse 16, 1160 Wien<\/span><br \/><span style=\"color: #000000;\">M: office@motra.studio<\/span><\/h6>\t\t\t\t\t\t\t\t<\/div>\n\t\t\t\t<div class=\"elementor-element elementor-element-b125f51 elementor-widget elementor-widget-spacer\" data-id=\"b125f51\" data-element_type=\"widget\" data-e-type=\"widget\" data-widget_type=\"spacer.default\">\n\t\t\t\t\t\t\t<div class=\"elementor-spacer\">\n\t\t\t<div class=\"elementor-spacer-inner\"><\/div>\n\t\t<\/div>\n\t\t\t\t\t\t<\/div>\n\t\t\t\t<div class=\"elementor-element elementor-element-9b792ed elementor-widget elementor-widget-text-editor\" data-id=\"9b792ed\" data-element_type=\"widget\" data-e-type=\"widget\" data-widget_type=\"text-editor.default\">\n\t\t\t\t\t\t\t\t\t<h5><span style=\"color: #000000;\"><strong>Datenschutz<\/strong><\/span><\/h5>\t\t\t\t\t\t\t\t<\/div>\n\t\t\t\t<div class=\"elementor-element elementor-element-557a34e elementor-widget elementor-widget-text-editor\" data-id=\"557a34e\" data-element_type=\"widget\" data-e-type=\"widget\" data-widget_type=\"text-editor.default\">\n\t\t\t\t\t\t\t\t\t<h6><span style=\"color: #000000;\">Der Schutz Ihrer pers\u00f6nlichen Daten ist uns wichtig. Wir verarbeiten Ihre Daten ausschlie\u00dflich auf Grundlage der gesetzlichen Bestimmungen (DSGVO, TKG 2003). In dieser Datenschutzerkl\u00e4rung informieren wir Sie u\u0308ber die wichtigsten Aspekte der Datenverarbeitung im Rahmen unserer Website.<\/span><\/h6><h6><span style=\"color: #000000;\">Wenn Sie per E-Mail Kontakt mit uns aufnehmen, werden Ihre angegebenen Daten zwecks Bearbeitung der Anfrage und fu\u0308r den Fall von Anschlussfragen sechs Monate bei uns gespeichert. Diese Daten geben wir nicht ohne Ihre Einwilligung weiter.<\/span><\/h6><h6><span style=\"color: #000000;\">Links zu externen Websites Dritter werden auf unserer Website lediglich zu Informationszwecken gesetzt. Diese Websites sind vollkommen unabh\u00e4ngig und liegen au\u00dferhalb unseres Einflussbereiches, daher k\u00f6nnen beim Aufruf anderer Websites u\u0308ber die angegebenen Links von den Betreibern der jeweiligen Websites fallweise Daten u\u0308ber Sie erhoben werden. Diese k\u00f6nnen von den Webseitenbetreibern gem\u00e4\u00df ihren jeweiligen Datenschutzrichtlinien in einer Art und Weise verwendet werden, die von unserer Richtlinie abweicht. Diese Angaben gelten ebenfalls fu\u0308r den Aufruf von Links zu sozialen Medien wie beispielsweise Facebook oder Instagram.<\/span><\/h6><h6><span style=\"color: #000000;\">Ihnen stehen bezu\u0308glich Ihrer bei uns gespeicherten Daten grunds\u00e4tzlich die Rechte auf Auskunft, Berichtigung, L\u00f6schung, Einschr\u00e4nkung, Datenu\u0308bertragbarkeit, Widerruf und Widerspruch zu. Wenn Sie glauben, dass die Verarbeitung Ihrer Daten gegen das Datenschutzrecht verst\u00f6\u00dft oder Ihre datenschutzrechtlichen Anspru\u0308che sonst in einer Weise verletzt wurden, k\u00f6nnen Sie sich bei uns (office@motra.studio) oder der Datenschutzbeh\u00f6rde beschweren. Sie erreichen uns unter den im Impressum angefu\u0308hrten Kontaktdaten.<\/span><\/h6>\t\t\t\t\t\t\t\t<\/div>\n\t\t\t\t<div class=\"elementor-element elementor-element-048ae2f elementor-widget elementor-widget-spacer\" data-id=\"048ae2f\" data-element_type=\"widget\" data-e-type=\"widget\" data-widget_type=\"spacer.default\">\n\t\t\t\t\t\t\t<div class=\"elementor-spacer\">\n\t\t\t<div class=\"elementor-spacer-inner\"><\/div>\n\t\t<\/div>\n\t\t\t\t\t\t<\/div>\n\t\t\t\t<div class=\"elementor-element elementor-element-aadcd3d elementor-widget elementor-widget-text-editor\" data-id=\"aadcd3d\" data-element_type=\"widget\" data-e-type=\"widget\" data-widget_type=\"text-editor.default\">\n\t\t\t\t\t\t\t\t\t<h5><span style=\"color: #000000;\"><strong><span style=\"font-style: var( --e-global-typography-text-font-style ); letter-spacing: var( --e-global-typography-text-letter-spacing ); text-transform: var( --e-global-typography-text-text-transform ); word-spacing: var( --e-global-typography-text-word-spacing ); text-align: var(--text-align);\">Urheberrecht<\/span><\/strong><\/span><\/h5>\t\t\t\t\t\t\t\t<\/div>\n\t\t\t\t<div class=\"elementor-element elementor-element-c8874f5 elementor-widget elementor-widget-text-editor\" data-id=\"c8874f5\" data-element_type=\"widget\" data-e-type=\"widget\" data-widget_type=\"text-editor.default\">\n\t\t\t\t\t\t\t\t\t<h6><span style=\"color: #000000;\">Alle Abbildungen und Inhalte dieser Website sind urheberrechtlich gesch\u00fctzt. Falls Sie Interesse an Inhalten haben, helfen wir Ihnen gerne weiter.<\/span><br \/><span style=\"color: #000000;\">Die Bildrechte der auf unserer Webseite dargestellten Fotos liegen bei den jeweiligen Fotografen, die in der Infobox des Projekts vermerkt sind.<\/span><br \/><span style=\"color: #000000;\">F\u00fcr die Inhalte der extern verlinkten Seiten sind ausschlie\u00dflich deren Betreiber verantwortlich. Es wird keine Haftung \u00fcbernommen.<\/span><\/h6>\t\t\t\t\t\t\t\t<\/div>\n\t\t\t\t<div class=\"elementor-element elementor-element-d82ad5f elementor-widget elementor-widget-spacer\" data-id=\"d82ad5f\" data-element_type=\"widget\" data-e-type=\"widget\" data-widget_type=\"spacer.default\">\n\t\t\t\t\t\t\t<div class=\"elementor-spacer\">\n\t\t\t<div class=\"elementor-spacer-inner\"><\/div>\n\t\t<\/div>\n\t\t\t\t\t\t<\/div>\n\t\t\t\t\t<\/div>\n\t\t\t\t<\/div>\n\t\t<div class=\"elementor-element elementor-element-9a15945 e-flex e-con-boxed e-con e-parent\" data-id=\"9a15945\" data-element_type=\"container\" data-e-type=\"container\">\n\t\t\t\t\t<div class=\"e-con-inner\">\n\t\t\t\t<div class=\"elementor-element elementor-element-009261d elementor-widget elementor-widget-html\" data-id=\"009261d\" data-element_type=\"widget\" data-e-type=\"widget\" data-widget_type=\"html.default\">\n\t\t\t\t\t<div class=\"motra-cursor\"><\/div>\n<script>\n(() => {\n  const c = document.querySelector('.motra-cursor');\n  if (!c) return;\n\n  window.addEventListener('mousemove', (e) => {\n    c.style.transform = `translate(${e.clientX}px, ${e.clientY}px) translate(-50%, -50%)`;\n  }, { passive: true });\n\n  const hoverSel = 'a, button, .elementor-button, [role=\"button\"], input, textarea, select';\n  document.addEventListener('mouseover', (e) => {\n    if (e.target.closest(hoverSel)) document.body.classList.add('motra-cursor-hover');\n  });\n  document.addEventListener('mouseout', (e) => {\n    if (e.target.closest(hoverSel)) document.body.classList.remove('motra-cursor-hover');\n  });\n})();\n<\/script>\t\t\t\t<\/div>\n\t\t\t\t\t<\/div>\n\t\t\t\t<\/div>\n\t\t\t\t<\/div>\n\t\t","protected":false},"excerpt":{"rendered":"<p>Impressum Arch. DI Mario Scheinecker e.U.Staatlich befugter und beeideter Ziviltechniker T: +43 676 9433002M: ms@motra.studioUID: ATU83134207 \u00a0 DI Jacopo Deplano e.U. T: +43 681 20518083M: jd@motra.studioUID: ATU82981212 \u00a0 Liebhartsgasse 16, 1160 WienM: office@motra.studio Datenschutz Der Schutz Ihrer pers\u00f6nlichen Daten ist uns wichtig. Wir verarbeiten Ihre Daten ausschlie\u00dflich auf Grundlage der gesetzlichen Bestimmungen (DSGVO, TKG 2003). [&hellip;]<\/p>\n","protected":false},"author":1,"featured_media":0,"parent":0,"menu_order":0,"comment_status":"closed","ping_status":"closed","template":"","meta":{"footnotes":""},"class_list":["post-364","page","type-page","status-publish","hentry"],"_links":{"self":[{"href":"https:\/\/motra.studio\/en\/wp-json\/wp\/v2\/pages\/364","targetHints":{"allow":["GET"]}}],"collection":[{"href":"https:\/\/motra.studio\/en\/wp-json\/wp\/v2\/pages"}],"about":[{"href":"https:\/\/motra.studio\/en\/wp-json\/wp\/v2\/types\/page"}],"author":[{"embeddable":true,"href":"https:\/\/motra.studio\/en\/wp-json\/wp\/v2\/users\/1"}],"replies":[{"embeddable":true,"href":"https:\/\/motra.studio\/en\/wp-json\/wp\/v2\/comments?post=364"}],"version-history":[{"count":10,"href":"https:\/\/motra.studio\/en\/wp-json\/wp\/v2\/pages\/364\/revisions"}],"predecessor-version":[{"id":736,"href":"https:\/\/motra.studio\/en\/wp-json\/wp\/v2\/pages\/364\/revisions\/736"}],"wp:attachment":[{"href":"https:\/\/motra.studio\/en\/wp-json\/wp\/v2\/media?parent=364"}],"curies":[{"name":"wp","href":"https:\/\/api.w.org\/{rel}","templated":true}]}}