{"id":195,"date":"2026-02-24T14:07:03","date_gmt":"2026-02-24T13:07:03","guid":{"rendered":"https:\/\/motra.studio\/?page_id=195"},"modified":"2026-04-29T09:24:31","modified_gmt":"2026-04-29T07:24:31","slug":"home","status":"publish","type":"page","link":"https:\/\/motra.studio\/en\/","title":{"rendered":"motra"},"content":{"rendered":"\t\t<div data-elementor-type=\"wp-page\" data-elementor-id=\"195\" class=\"elementor elementor-195\" data-elementor-post-type=\"page\">\n\t\t\t\t<div class=\"elementor-element elementor-element-7d7bb44 e-con-full e-flex e-con e-parent\" data-id=\"7d7bb44\" data-element_type=\"container\" data-e-type=\"container\">\n\t\t\t\t<div class=\"elementor-element elementor-element-d6802a0 elementor-widget elementor-widget-spacer\" data-id=\"d6802a0\" data-element_type=\"widget\" data-e-type=\"widget\" data-widget_type=\"spacer.default\">\n\t\t\t\t\t\t\t<div class=\"elementor-spacer\">\n\t\t\t<div class=\"elementor-spacer-inner\"><\/div>\n\t\t<\/div>\n\t\t\t\t\t\t<\/div>\n\t\t\t\t<div class=\"elementor-element elementor-element-656f966 elementor-view-default elementor-widget elementor-widget-icon\" data-id=\"656f966\" data-element_type=\"widget\" data-e-type=\"widget\" data-widget_type=\"icon.default\">\n\t\t\t\t\t\t\t<div class=\"elementor-icon-wrapper\">\n\t\t\t<div class=\"elementor-icon\">\n\t\t\t<svg xmlns=\"http:\/\/www.w3.org\/2000\/svg\" id=\"a\" data-name=\"Ebene 1\" viewBox=\"0 0 160.98 40.08\"><defs><style>      .b {        fill: #000;        stroke-width: 0px;      }    <\/style><\/defs><path class=\"b\" d=\"M37.44,8.88c5.7,0,8.82,3.18,8.82,9v21.6h-12.84v-19.32c0-1.14-.6-1.8-1.62-1.8h-.66c-.96,0-1.62.66-1.62,1.8v19.32h-12.78v-19.32c0-1.14-.66-1.8-1.68-1.8h-.6c-1.02,0-1.62.66-1.62,1.8v19.32H0V9.48h12.42v3.96c2.04-3.6,4.56-4.56,7.44-4.56h.84c4.26,0,7.08,1.8,8.22,5.1v-.12c2.04-3.96,4.68-4.98,7.62-4.98h.9Z\"><\/path><path class=\"b\" d=\"M60.66,40.08c-7.8,0-12.06-4.32-12.06-12.12v-6.96c0-7.8,4.26-12.12,12.06-12.12h6.66c7.8,0,12,4.32,12,12.12v6.96c0,7.8-4.2,12.12-12,12.12h-6.66ZM64.74,31.56c1.14,0,1.8-.66,1.8-1.8v-10.56c0-1.14-.66-1.8-1.8-1.8h-1.5c-1.14,0-1.8.66-1.8,1.8v10.56c0,1.14.66,1.8,1.8,1.8h1.5Z\"><\/path><path class=\"b\" d=\"M105.48,17.88h-7.08v10.74c0,1.92,1.08,3,3,3h4.08v8.34h-8.64c-8.28,0-11.52-3.96-11.52-10.98v-11.1h-5.04v-8.4h5.04V0h13.08v9.48h7.08v8.4Z\"><\/path><path class=\"b\" d=\"M130.62,8.88v9.48h-2.1c-4.86,0-7.5,2.64-7.5,7.5v13.62h-12.84V9.48h12.42v4.56c2.34-4.08,4.8-5.16,8.16-5.16h1.86Z\"><\/path><path class=\"b\" d=\"M151.98,8.88c5.82,0,9,3.18,9,9v21.6h-12.84v-3c-1.5,2.46-4.14,3.6-7.68,3.6h-.9c-7.08,0-8.52-3.78-8.52-8.28v-2.22c0-4.5,2.1-8.22,9.3-8.22h1.02c3.42,0,5.52,1.02,6.78,2.64v-4.86c0-1.14-.66-1.8-1.8-1.8h-.78c-1.14,0-1.8.66-1.8,1.8v.42h-11.16v-1.68c0-5.82,3.42-9,9.24-9h10.14ZM146.34,32.52c1.14,0,1.8-.6,1.8-1.62v-2.1c0-1.02-.66-1.56-1.8-1.56h-1.5c-1.14,0-1.8.54-1.8,1.56v2.1c0,1.02.66,1.62,1.8,1.62h1.5Z\"><\/path><\/svg>\t\t\t<\/div>\n\t\t<\/div>\n\t\t\t\t\t\t<\/div>\n\t\t\t\t<\/div>\n\t\t<div class=\"elementor-element elementor-element-4a5bbd8 e-flex e-con-boxed e-con e-parent\" data-id=\"4a5bbd8\" data-element_type=\"container\" data-e-type=\"container\">\n\t\t\t\t\t<div class=\"e-con-inner\">\n\t\t\t\t<div class=\"elementor-element elementor-element-8515c7d elementor-widget elementor-widget-text-editor\" data-id=\"8515c7d\" data-element_type=\"widget\" data-e-type=\"widget\" data-widget_type=\"text-editor.default\">\n\t\t\t\t\t\t\t\t\t<h6 style=\"font-weight: 400; text-align: center;\">\u201eDas Gebaute ist kein Endprodukt, sondern ein tempor\u00e4rer Zustand im Fluss von Stoffen, Kr\u00e4ften und Bedeutungen.<\/h6><h6 style=\"font-weight: 400; text-align: center;\">Motra versteht Architektur als fortlaufenden Prozess und sucht nach Konstruktionen, die wandelbar, langlebig und materialgerecht sind \u2013 nach Bauten, die sich im Laufe der Zeit ver\u00e4ndern d\u00fcrfen, ohne ihre Integrit\u00e4t zu verlieren\u201c<\/h6>\t\t\t\t\t\t\t\t<\/div>\n\t\t\t\t\t<\/div>\n\t\t\t\t<\/div>\n\t\t<div class=\"elementor-element elementor-element-4b567d2 e-flex e-con-boxed e-con e-parent\" data-id=\"4b567d2\" data-element_type=\"container\" data-e-type=\"container\">\n\t\t\t\t\t<div class=\"e-con-inner\">\n\t\t\t\t<div class=\"elementor-element elementor-element-20a8451 elementor-widget elementor-widget-spacer\" data-id=\"20a8451\" data-element_type=\"widget\" data-e-type=\"widget\" data-widget_type=\"spacer.default\">\n\t\t\t\t\t\t\t<div class=\"elementor-spacer\">\n\t\t\t<div class=\"elementor-spacer-inner\"><\/div>\n\t\t<\/div>\n\t\t\t\t\t\t<\/div>\n\t\t\t\t\t<\/div>\n\t\t\t\t<\/div>\n\t\t<div class=\"elementor-element elementor-element-13f27d7 e-flex e-con-boxed e-con e-parent\" data-id=\"13f27d7\" data-element_type=\"container\" data-e-type=\"container\">\n\t\t\t\t\t<div class=\"e-con-inner\">\n\t\t\t\t<div class=\"elementor-element elementor-element-cf97b6e elementor-widget elementor-widget-heading\" data-id=\"cf97b6e\" data-element_type=\"widget\" data-e-type=\"widget\" data-widget_type=\"heading.default\">\n\t\t\t\t\t<h1 class=\"elementor-heading-title elementor-size-default\"><a href=\"https:\/\/motra.studio\/uebersicht-projekte\/\">PROJEKTE<\/a><\/h1>\t\t\t\t<\/div>\n\t\t\t\t\t<\/div>\n\t\t\t\t<\/div>\n\t\t<div class=\"elementor-element elementor-element-52192ee e-flex e-con-boxed e-con e-parent\" data-id=\"52192ee\" data-element_type=\"container\" data-e-type=\"container\">\n\t\t\t\t\t<div class=\"e-con-inner\">\n\t\t\t\t<div class=\"elementor-element elementor-element-94247de elementor-widget elementor-widget-heading\" data-id=\"94247de\" data-element_type=\"widget\" data-e-type=\"widget\" data-widget_type=\"heading.default\">\n\t\t\t\t\t<h1 class=\"elementor-heading-title elementor-size-default\"><a href=\"https:\/\/motra.studio\/profil\/\">PROFIL<\/a><\/h1>\t\t\t\t<\/div>\n\t\t\t\t\t<\/div>\n\t\t\t\t<\/div>\n\t\t<div class=\"elementor-element elementor-element-d64fad2 e-flex e-con-boxed e-con e-parent\" data-id=\"d64fad2\" data-element_type=\"container\" data-e-type=\"container\">\n\t\t\t\t\t<div class=\"e-con-inner\">\n\t\t\t\t<div class=\"elementor-element elementor-element-91e01fa elementor-widget elementor-widget-html\" data-id=\"91e01fa\" data-element_type=\"widget\" data-e-type=\"widget\" data-widget_type=\"html.default\">\n\t\t\t\t\t<div class=\"motra-cursor\"><\/div>\n<script>\n(() => {\n  const c = document.querySelector('.motra-cursor');\n  if (!c) return;\n\n  window.addEventListener('mousemove', (e) => {\n    c.style.transform = `translate(${e.clientX}px, ${e.clientY}px) translate(-50%, -50%)`;\n  }, { passive: true });\n\n  const hoverSel = 'a, button, .elementor-button, [role=\"button\"], input, textarea, select';\n  document.addEventListener('mouseover', (e) => {\n    if (e.target.closest(hoverSel)) document.body.classList.add('motra-cursor-hover');\n  });\n  document.addEventListener('mouseout', (e) => {\n    if (e.target.closest(hoverSel)) document.body.classList.remove('motra-cursor-hover');\n  });\n})();\n<\/script>\t\t\t\t<\/div>\n\t\t\t\t\t<\/div>\n\t\t\t\t<\/div>\n\t\t<div class=\"elementor-element elementor-element-e648af4 e-flex e-con-boxed e-con e-parent\" data-id=\"e648af4\" data-element_type=\"container\" data-e-type=\"container\">\n\t\t\t\t\t<div class=\"e-con-inner\">\n\t\t\t\t<div class=\"elementor-element elementor-element-90b1263 elementor-widget elementor-widget-spacer\" data-id=\"90b1263\" data-element_type=\"widget\" data-e-type=\"widget\" data-widget_type=\"spacer.default\">\n\t\t\t\t\t\t\t<div class=\"elementor-spacer\">\n\t\t\t<div class=\"elementor-spacer-inner\"><\/div>\n\t\t<\/div>\n\t\t\t\t\t\t<\/div>\n\t\t\t\t\t<\/div>\n\t\t\t\t<\/div>\n\t\t\t\t<\/div>\n\t\t","protected":false},"excerpt":{"rendered":"<p>\u201eDas Gebaute ist kein Endprodukt, sondern ein tempor\u00e4rer Zustand im Fluss von Stoffen, Kr\u00e4ften und Bedeutungen. Motra versteht Architektur als fortlaufenden Prozess und sucht nach Konstruktionen, die wandelbar, langlebig und materialgerecht sind \u2013 nach Bauten, die sich im Laufe der Zeit ver\u00e4ndern d\u00fcrfen, ohne ihre Integrit\u00e4t zu verlieren\u201c PROJEKTE PROFIL<\/p>","protected":false},"author":1,"featured_media":0,"parent":0,"menu_order":0,"comment_status":"closed","ping_status":"closed","template":"","meta":{"footnotes":""},"class_list":["post-195","page","type-page","status-publish","hentry"],"_links":{"self":[{"href":"https:\/\/motra.studio\/en\/wp-json\/wp\/v2\/pages\/195","targetHints":{"allow":["GET"]}}],"collection":[{"href":"https:\/\/motra.studio\/en\/wp-json\/wp\/v2\/pages"}],"about":[{"href":"https:\/\/motra.studio\/en\/wp-json\/wp\/v2\/types\/page"}],"author":[{"embeddable":true,"href":"https:\/\/motra.studio\/en\/wp-json\/wp\/v2\/users\/1"}],"replies":[{"embeddable":true,"href":"https:\/\/motra.studio\/en\/wp-json\/wp\/v2\/comments?post=195"}],"version-history":[{"count":10,"href":"https:\/\/motra.studio\/en\/wp-json\/wp\/v2\/pages\/195\/revisions"}],"predecessor-version":[{"id":1002,"href":"https:\/\/motra.studio\/en\/wp-json\/wp\/v2\/pages\/195\/revisions\/1002"}],"wp:attachment":[{"href":"https:\/\/motra.studio\/en\/wp-json\/wp\/v2\/media?parent=195"}],"curies":[{"name":"wp","href":"https:\/\/api.w.org\/{rel}","templated":true}]}}